{"id":55,"date":"2011-03-17T21:13:25","date_gmt":"2011-03-17T21:13:25","guid":{"rendered":"http:\/\/www.echurch-mmberg.de\/wp_kirche\/?page_id=55"},"modified":"2025-10-22T07:04:18","modified_gmt":"2025-10-22T07:04:18","slug":"impressum","status":"publish","type":"page","link":"https:\/\/www.echurch-mmberg.de\/?page_id=55","title":{"rendered":"Impressum \/ Datenschutzerkl\u00e4rung"},"content":{"rendered":"<p><strong>Evang.-Luth. Pfarramt Memmingerberg<br \/>\n<\/strong><\/p>\n<p><strong>P<\/strong>f<strong>arrb\u00fcro<br \/>\n<\/strong>im Evang. Gemeindehaus<br \/>\nKircheng\u00e4\u00dfchen 1<\/p>\n<p><strong>Sekret\u00e4rin Pfarramt<\/strong><br \/>\nCornelia Link<br \/>\nMittwoch 9.00 Uhr bis 12.00 Uhr<br \/>\nDonnerstag&nbsp;9.00 Uhr bis 12.00 Uhr<br \/>\nTel. 08331 \/ 82757<br \/>\npfarramt.memmingerberg(at)elkb.de<\/p>\n<p><strong>Adresse Pfarrhaus:&nbsp;<\/strong><br \/>\nKircheng\u00e4sschen 8<br \/>\n87766 Memmingerberg<\/p>\n<p><strong>Pfarrer&nbsp;<\/strong>Wolfgang Ludwig<br \/>\nTel.: 08331 \/ 82757<br \/>\nWolfgang.Ludwig(at)elkb.de<\/p>\n<p><strong>Bankverbindung f\u00fcr Spenden, Kirchgeld und Geb\u00fchren:<\/strong><br \/>\nVR-Bank Memmingen eG<br \/>\nIBAN: DE 15&nbsp; 7319&nbsp; 0000&nbsp; 0002&nbsp; 8015&nbsp; 40<br \/>\nBIC: &nbsp;GENODEF1MM1<\/p>\n<p><strong>Organist<\/strong><br \/>\nWalter Duile<br \/>\nwalter.duile(at)elkb.de<\/p>\n<p><strong>Mesnerin<\/strong><br \/>\nDer Dienst wird von unterschiedlichen Personen \u00fcbernommen.<\/p>\n<p><strong>Kirchenvorstand:<br \/>\n<\/strong>Joachim Geiger<br \/>\nLisa Haug<br \/>\nSebastian Jeray<br \/>\nBritta Kunz<br \/>\nFerdinand Kutter<br \/>\nWolfgang Ludwig<br \/>\nRenate Martin<br \/>\nUrsula Stetter<br \/>\nMarkus Wei\u00df<\/p>\n<p><strong>Vertrauensfrau:<\/strong><br \/>\nUrsula Stetter<br \/>\nTel.: 08331 \/ 47992<br \/>\n<strong>Stellvertreter:<\/strong><br \/>\nJoachim Geiger<br \/>\n0173 4637722<\/p>\n<p><strong>Administrator dieser Website<\/strong><br \/>\nStefan Holdau<br \/>\nadministrator(at)echurch-mmberg.de<\/p>\n<h2><em><strong>Haftungsausschluss:<\/strong><\/em><\/h2>\n<p><strong>Haftung f\u00fcr Inhalte<br \/>\n<\/strong>Die Inhalte unserer Seiten wurden mit gr\u00f6\u00dfter Sorgfalt erstellt. F\u00fcr die Richtigkeit, Vollst\u00e4ndigkeit und Aktualit\u00e4t der Inhalte k\u00f6nnen wir jedoch keine Gew\u00e4hr \u00fcbernehmen. Als Diensteanbieter sind wir gem\u00e4\u00df \u00a7 7 Abs.1 TMG f\u00fcr eigene Inhalte auf diesen Seiten nach den allgemeinen Gesetzen verantwortlich. Nach \u00a7\u00a7 8 bis 10 TMG sind wir als Diensteanbieter jedoch nicht verpflichtet, \u00fcbermittelte oder gespeicherte fremde Informationen zu \u00fcberwachen oder nach Umst\u00e4nden zu forschen, die auf eine rechtswidrige T\u00e4tigkeit hinweisen. Verpflichtungen zur Entfernung oder Sperrung der Nutzung von Informationen nach den allgemeinen Gesetzen bleiben hiervon unber\u00fchrt. Eine diesbez\u00fcgliche Haftung ist jedoch erst ab dem Zeitpunkt der Kenntnis einer konkreten Rechtsverletzung m\u00f6glich. Bei Bekanntwerden von entsprechenden Rechtsverletzungen werden wir diese Inhalte umgehend entfernen.<\/p>\n<p><strong>Urheberrecht<br \/>\n<\/strong>Die durch die Seitenbetreiber erstellten Inhalte und Werke auf diesen Seiten unterliegen dem deutschen Urheberrecht. Die Vervielf\u00e4ltigung, Bearbeitung, Verbreitung und jede Art der Verwertung au\u00dferhalb der Grenzen des Urheberrechtes bed\u00fcrfen der schriftlichen Zustimmung des jeweiligen Autors bzw. Erstellers. Downloads und Kopien dieser Seite sind nur f\u00fcr den privaten, nicht kommerziellen Gebrauch gestattet. Soweit die Inhalte auf dieser Seite nicht vom Betreiber erstellt wurden, werden die Urheberrechte Dritter beachtet. Insbesondere werden Inhalte Dritter als solche gekennzeichnet. Sollten Sie trotzdem auf eine Urheberrechtsverletzung aufmerksam werden, bitten wir um einen entsprechenden Hinweis. Bei Bekanntwerden von Rechtsverletzungen werden wir derartige Inhalte umgehend entfernen.<\/p>\n","protected":false},"excerpt":{"rendered":"<p>Evang.-Luth. Pfarramt Memmingerberg Pfarrb\u00fcro im Evang. Gemeindehaus Kircheng\u00e4\u00dfchen 1 Sekret\u00e4rin Pfarramt Cornelia Link Mittwoch 9.00 Uhr bis 12.00 Uhr Donnerstag&nbsp;9.00 Uhr bis 12.00 Uhr Tel. 08331 \/ 82757 pfarramt.memmingerberg(at)elkb.de Adresse Pfarrhaus:&nbsp; Kircheng\u00e4sschen 8 87766 Memmingerberg Pfarrer&nbsp;Wolfgang Ludwig Tel.: 08331 \/ 82757 Wolfgang.Ludwig(at)elkb.de Bankverbindung f\u00fcr Spenden, Kirchgeld und Geb\u00fchren: VR-Bank Memmingen &#8230;<\/p>\n","protected":false},"author":1,"featured_media":0,"parent":0,"menu_order":100,"comment_status":"closed","ping_status":"closed","template":"","meta":{"ngg_post_thumbnail":0,"footnotes":""},"class_list":["post-55","page","type-page","status-publish","hentry"],"_links":{"self":[{"href":"https:\/\/www.echurch-mmberg.de\/index.php?rest_route=\/wp\/v2\/pages\/55","targetHints":{"allow":["GET"]}}],"collection":[{"href":"https:\/\/www.echurch-mmberg.de\/index.php?rest_route=\/wp\/v2\/pages"}],"about":[{"href":"https:\/\/www.echurch-mmberg.de\/index.php?rest_route=\/wp\/v2\/types\/page"}],"author":[{"embeddable":true,"href":"https:\/\/www.echurch-mmberg.de\/index.php?rest_route=\/wp\/v2\/users\/1"}],"replies":[{"embeddable":true,"href":"https:\/\/www.echurch-mmberg.de\/index.php?rest_route=%2Fwp%2Fv2%2Fcomments&post=55"}],"version-history":[{"count":61,"href":"https:\/\/www.echurch-mmberg.de\/index.php?rest_route=\/wp\/v2\/pages\/55\/revisions"}],"predecessor-version":[{"id":4267,"href":"https:\/\/www.echurch-mmberg.de\/index.php?rest_route=\/wp\/v2\/pages\/55\/revisions\/4267"}],"wp:attachment":[{"href":"https:\/\/www.echurch-mmberg.de\/index.php?rest_route=%2Fwp%2Fv2%2Fmedia&parent=55"}],"curies":[{"name":"wp","href":"https:\/\/api.w.org\/{rel}","templated":true}]}}